{"id":2977,"date":"2025-07-14T15:28:58","date_gmt":"2025-07-14T12:28:58","guid":{"rendered":"https:\/\/rkeeper.us\/?page_id=2977"},"modified":"2025-07-22T12:10:00","modified_gmt":"2025-07-22T09:10:00","slug":"pos-kassaregister","status":"publish","type":"page","link":"https:\/\/rkeeper.se\/?page_id=2977","title":{"rendered":"POS\/Kassaregister"},"content":{"rendered":"\t\t<div data-elementor-type=\"wp-page\" data-elementor-id=\"2977\" class=\"elementor elementor-2977 elementor-2181\" data-elementor-post-type=\"page\">\n\t\t\t\t<div class=\"elementor-element elementor-element-520b5700 e-flex e-con-boxed e-con e-parent\" data-id=\"520b5700\" data-element_type=\"container\" data-e-type=\"container\">\n\t\t\t\t\t<div class=\"e-con-inner\">\n\t\t\t\t<div class=\"elementor-element elementor-element-6e322089 elementor-widget elementor-widget-heading\" data-id=\"6e322089\" data-element_type=\"widget\" data-e-type=\"widget\" data-widget_type=\"heading.default\">\n\t\t\t\t<div class=\"elementor-widget-container\">\n\t\t\t\t\t<h3 class=\"elementor-heading-title elementor-size-default\">POS\/Kassaregister<\/h3>\t\t\t\t<\/div>\n\t\t\t\t<\/div>\n\t\t\t\t<div class=\"elementor-element elementor-element-120f9b88 elementor-widget elementor-widget-text-editor\" data-id=\"120f9b88\" data-element_type=\"widget\" data-e-type=\"widget\" data-widget_type=\"text-editor.default\">\n\t\t\t\t<div class=\"elementor-widget-container\">\n\t\t\t\t\t\t\t\t\t<h2 id=\"POS-and-Cashdesk:-Power-at-Your-Fingertips-1\"><strong>POS och kassadisk: Kraft till dina fingertoppar<\/strong><\/h2><h3 id=\"Smart-Intuitive-and-Built-for-Busy-Service-2\">Smart, intuitiv och byggd f\u00f6r hektisk service<\/h3><p>Oavsett om du driver en snabb QSR, ett mysigt caf\u00e9 eller en restaurang med flera platser, \u00e4r v\u00e5r <strong>POS- och Cashdesk-l\u00f6sning<\/strong> din kommandocentral f\u00f6r allt. Snabba upp servicen, minska felen, hantera personal och inventarier och gl\u00e4d dina g\u00e4ster &#8211; allt fr\u00e5n ett snyggt gr\u00e4nssnitt. <\/p><p>Utformad f\u00f6r prestanda. Byggd f\u00f6r storskalighet. \u00c4lskad av personalen.  <\/p><hr><h3 id=\"Why-Our-POS-System-2\"><strong>Varf\u00f6r v\u00e5rt POS-system?<\/strong><\/h3><p><img fetchpriority=\"high\" decoding=\"async\" class=\"alignright\" style=\"margin: 8px 8px 0px;\" src=\"https:\/\/img.perfectwiki.xyz\/insecure\/resize:fit:400\/aHR0cHM6Ly9zdG9yYWdlLmdvb2dsZWFwaXMuY29tL3BlcmZlY3Rfd2lraS9jMThmZTZmNy03MTRiLTQxMzItYmI1NC0zNTY0ODc3NWVkMGMvSmhLQW04VFpVUlJLSHhOZ0RUUmwvJUQwJUI4JUQwJUI3JUQwJUJFJUQwJUIxJUQxJTgwJUQwJUIwJUQwJUI2JUQwJUI1JUQwJUJEJUQwJUI4JUQwJUI1X2UzOWYyNWMyLWZmNDgtNGMyYy1iMjE3LTQ1Y2Q2ZTYyN2ExNS5wbmc.webp\" sizes=\"100vw\" srcset=\"https:\/\/img.perfectwiki.xyz\/insecure\/resize:fit:400\/aHR0cHM6Ly9zdG9yYWdlLmdvb2dsZWFwaXMuY29tL3BlcmZlY3Rfd2lraS9jMThmZTZmNy03MTRiLTQxMzItYmI1NC0zNTY0ODc3NWVkMGMvSmhLQW04VFpVUlJLSHhOZ0RUUmwvJUQwJUI4JUQwJUI3JUQwJUJFJUQwJUIxJUQxJTgwJUQwJUIwJUQwJUI2JUQwJUI1JUQwJUJEJUQwJUI4JUQwJUI1X2UzOWYyNWMyLWZmNDgtNGMyYy1iMjE3LTQ1Y2Q2ZTYyN2ExNS5wbmc.webp 400w, https:\/\/img.perfectwiki.xyz\/insecure\/resize:fit:800\/aHR0cHM6Ly9zdG9yYWdlLmdvb2dsZWFwaXMuY29tL3BlcmZlY3Rfd2lraS9jMThmZTZmNy03MTRiLTQxMzItYmI1NC0zNTY0ODc3NWVkMGMvSmhLQW04VFpVUlJLSHhOZ0RUUmwvJUQwJUI4JUQwJUI3JUQwJUJFJUQwJUIxJUQxJTgwJUQwJUIwJUQwJUI2JUQwJUI1JUQwJUJEJUQwJUI4JUQwJUI1X2UzOWYyNWMyLWZmNDgtNGMyYy1iMjE3LTQ1Y2Q2ZTYyN2ExNS5wbmc.webp 800w, https:\/\/img.perfectwiki.xyz\/insecure\/resize:fit:1200\/aHR0cHM6Ly9zdG9yYWdlLmdvb2dsZWFwaXMuY29tL3BlcmZlY3Rfd2lraS9jMThmZTZmNy03MTRiLTQxMzItYmI1NC0zNTY0ODc3NWVkMGMvSmhLQW04VFpVUlJLSHhOZ0RUUmwvJUQwJUI4JUQwJUI3JUQwJUJFJUQwJUIxJUQxJTgwJUQwJUIwJUQwJUI2JUQwJUI1JUQwJUJEJUQwJUI4JUQwJUI1X2UzOWYyNWMyLWZmNDgtNGMyYy1iMjE3LTQ1Y2Q2ZTYyN2ExNS5wbmc.webp 1200w, https:\/\/img.perfectwiki.xyz\/insecure\/aHR0cHM6Ly9zdG9yYWdlLmdvb2dsZWFwaXMuY29tL3BlcmZlY3Rfd2lraS9jMThmZTZmNy03MTRiLTQxMzItYmI1NC0zNTY0ODc3NWVkMGMvSmhLQW04VFpVUlJLSHhOZ0RUUmwvJUQwJUI4JUQwJUI3JUQwJUJFJUQwJUIxJUQxJTgwJUQwJUIwJUQwJUI2JUQwJUI1JUQwJUJEJUQwJUI4JUQwJUI1X2UzOWYyNWMyLWZmNDgtNGMyYy1iMjE3LTQ1Y2Q2ZTYyN2ExNS5wbmc.webp 1400w\" alt=\"produkter \/ 3 POS\/Kassadisk\" width=\"331\" height=\"220\"><\/p><p><strong>Blixtsnabba transaktioner<\/strong><br>Ingen f\u00f6rdr\u00f6jning. Ingen v\u00e4ntan. Ta emot best\u00e4llningar, dela upp r\u00e4kningar och skriv ut kvitton p\u00e5 n\u00e5gra sekunder &#8211; \u00e4ven under rusningstid.  <\/p><p><strong>Anv\u00e4ndarv\u00e4nligt gr\u00e4nssnitt<\/strong><br>Ingen brant inl\u00e4rningskurva. Din personal kommer att \u00e4lska hur enkelt det \u00e4r att anv\u00e4nda &#8211; fr\u00e5n dag ett. <\/p><p><strong>Synkronisering i realtid<\/strong><br>Best\u00e4llningar fr\u00e5n kiosker, appar och webb? Allt synkroniseras till ditt POS i realtid. Ingen dubbelhantering, inga misstag.  <\/p><p><strong>S\u00e4kra betalningar<\/strong><br>Acceptera kort, mobila betalningar, QR eller kontanter &#8211; allt helt integrerat med de fr\u00e4msta betalningsleverant\u00f6rerna.<\/p><p> <strong>Full kontroll och analys<\/strong><br>Sp\u00e5ra f\u00f6rs\u00e4ljning, personalens prestationer, de mest hektiska timmarna, b\u00e4sts\u00e4ljare &#8211; allt i din instrumentpanel.<\/p><hr><h3 id=\"Key-Features-2\"><strong>Viktiga funktioner<\/strong><\/h3><p><strong><img decoding=\"async\" class=\"alignleft\" style=\"font-weight: 400;\" src=\"https:\/\/img.perfectwiki.xyz\/insecure\/resize:fit:400\/aHR0cHM6Ly9zdG9yYWdlLmdvb2dsZWFwaXMuY29tL3BlcmZlY3Rfd2lraS9jMThmZTZmNy03MTRiLTQxMzItYmI1NC0zNTY0ODc3NWVkMGMvSmhLQW04VFpVUlJLSHhOZ0RUUmwvJUQwJUI4JUQwJUI3JUQwJUJFJUQwJUIxJUQxJTgwJUQwJUIwJUQwJUI2JUQwJUI1JUQwJUJEJUQwJUI4JUQwJUI1X2E2MDI4ZGFmLTkwY2MtNDZiOC1hNDkyLWYwMzA5YTcyNGJhZC5wbmc.webp\" sizes=\"100vw\" srcset=\"https:\/\/img.perfectwiki.xyz\/insecure\/resize:fit:400\/aHR0cHM6Ly9zdG9yYWdlLmdvb2dsZWFwaXMuY29tL3BlcmZlY3Rfd2lraS9jMThmZTZmNy03MTRiLTQxMzItYmI1NC0zNTY0ODc3NWVkMGMvSmhLQW04VFpVUlJLSHhOZ0RUUmwvJUQwJUI4JUQwJUI3JUQwJUJFJUQwJUIxJUQxJTgwJUQwJUIwJUQwJUI2JUQwJUI1JUQwJUJEJUQwJUI4JUQwJUI1X2E2MDI4ZGFmLTkwY2MtNDZiOC1hNDkyLWYwMzA5YTcyNGJhZC5wbmc.webp 400w, https:\/\/img.perfectwiki.xyz\/insecure\/resize:fit:800\/aHR0cHM6Ly9zdG9yYWdlLmdvb2dsZWFwaXMuY29tL3BlcmZlY3Rfd2lraS9jMThmZTZmNy03MTRiLTQxMzItYmI1NC0zNTY0ODc3NWVkMGMvSmhLQW04VFpVUlJLSHhOZ0RUUmwvJUQwJUI4JUQwJUI3JUQwJUJFJUQwJUIxJUQxJTgwJUQwJUIwJUQwJUI2JUQwJUI1JUQwJUJEJUQwJUI4JUQwJUI1X2E2MDI4ZGFmLTkwY2MtNDZiOC1hNDkyLWYwMzA5YTcyNGJhZC5wbmc.webp 800w, https:\/\/img.perfectwiki.xyz\/insecure\/resize:fit:1200\/aHR0cHM6Ly9zdG9yYWdlLmdvb2dsZWFwaXMuY29tL3BlcmZlY3Rfd2lraS9jMThmZTZmNy03MTRiLTQxMzItYmI1NC0zNTY0ODc3NWVkMGMvSmhLQW04VFpVUlJLSHhOZ0RUUmwvJUQwJUI4JUQwJUI3JUQwJUJFJUQwJUIxJUQxJTgwJUQwJUIwJUQwJUI2JUQwJUI1JUQwJUJEJUQwJUI4JUQwJUI1X2E2MDI4ZGFmLTkwY2MtNDZiOC1hNDkyLWYwMzA5YTcyNGJhZC5wbmc.webp 1200w, https:\/\/img.perfectwiki.xyz\/insecure\/aHR0cHM6Ly9zdG9yYWdlLmdvb2dsZWFwaXMuY29tL3BlcmZlY3Rfd2lraS9jMThmZTZmNy03MTRiLTQxMzItYmI1NC0zNTY0ODc3NWVkMGMvSmhLQW04VFpVUlJLSHhOZ0RUUmwvJUQwJUI4JUQwJUI3JUQwJUJFJUQwJUIxJUQxJTgwJUQwJUIwJUQwJUI2JUQwJUI1JUQwJUJEJUQwJUI4JUQwJUI1X2E2MDI4ZGFmLTkwY2MtNDZiOC1hNDkyLWYwMzA5YTcyNGJhZC5wbmc.webp 1400w\" alt=\"produkter \/ 3 POS\/Kassadisk\" width=\"359\" height=\"239\">Flera olika enhetsalternativ<\/strong>: Anv\u00e4nd som en station\u00e4r terminal eller en handh\u00e5llen surfplatta &#8211; eller b\u00e5da.<\/p><p><strong>Enkel menyhantering<\/strong>: Redigera artiklar, priser och kampanjer i farten.<\/p><p><strong>Anpassade beh\u00f6righeter<\/strong>: Ange \u00e5tkomstniv\u00e5er f\u00f6r personalen. H\u00e5ll verksamheten s\u00e4ker. <\/p><p><strong>Offline-l\u00e4ge<\/strong>: Forts\u00e4tt s\u00e4lja, \u00e4ven n\u00e4r internet ligger nere.<\/p><p><strong>Sk\u00e4rmar f\u00f6r kundvisning<\/strong>: Visa orderinformation och f\u00f6rslag p\u00e5 merf\u00f6rs\u00e4ljning f\u00f6r g\u00e4sterna i realtid.<\/p><p><strong>Omedelbara rabatter och lojalitetsintegration<\/strong>: Till\u00e4mpa kampanjkoder och bel\u00f6ningsprogram direkt.<\/p><hr><h3 id=\"For-Every-Venue-Every-Style-2\"><strong>F\u00f6r varje plats, varje stil<\/strong><\/h3><p><strong>Pizzerior &amp; Fast Food<\/strong>: Snabbhet och precision under rusningen.<br><strong>Kaf\u00e9er &amp; kaffebarer<\/strong>: Snabb \u00e5tkomst, enkel merf\u00f6rs\u00e4ljning.<br><strong>Fullservicerestauranger<\/strong>: Bordskartl\u00e4ggning, tips, hantering av flera anv\u00e4ndare.<\/p><hr><h3 id=\"What-You-Get-2\"><strong>Vad du f\u00e5r<\/strong><\/h3><p>\u2714\ufe0f Snabbare kassatider<br>\u2714\ufe0f F\u00e4rre personalfel<br>\u2714\ufe0f B\u00e4ttre rapportering<br>\u2714\ufe0f Gladare kunder<br>\u2714\ufe0f Centraliserad hantering f\u00f6r flera anl\u00e4ggningar<\/p><p>\u00d6ka din f\u00f6rs\u00e4ljning. F\u00f6renkla din arbetsdag. V\u00e4x med sj\u00e4lvf\u00f6rtroende.  <\/p><hr><p>Se <strong>till att varje tryck r\u00e4knas.<\/strong><br>Uppgradera din kassaupplevelse med ett POS-system som arbetar lika h\u00e5rt som du g\u00f6r.<\/p>\t\t\t\t\t\t\t\t<\/div>\n\t\t\t\t<\/div>\n\t\t\t\t<div class=\"elementor-element elementor-element-59aa025f elementor-align-center elementor-mobile-align-center elementor-widget elementor-widget-button\" data-id=\"59aa025f\" data-element_type=\"widget\" data-e-type=\"widget\" data-widget_type=\"button.default\">\n\t\t\t\t<div class=\"elementor-widget-container\">\n\t\t\t\t\t\t\t\t\t<div class=\"elementor-button-wrapper\">\n\t\t\t\t\t<a class=\"elementor-button elementor-button-link elementor-size-sm\" href=\"https:\/\/rkeeper.us\/?page_id=256\">\n\t\t\t\t\t\t<span class=\"elementor-button-content-wrapper\">\n\t\t\t\t\t\t\t\t\t<span class=\"elementor-button-text\">Kontakta oss<\/span>\n\t\t\t\t\t<\/span>\n\t\t\t\t\t<\/a>\n\t\t\t\t<\/div>\n\t\t\t\t\t\t\t\t<\/div>\n\t\t\t\t<\/div>\n\t\t\t\t\t<\/div>\n\t\t\t\t<\/div>\n\t\t\t\t<\/div>\n\t\t","protected":false},"excerpt":{"rendered":"<p>POS\/Kassaregister POS och kassadisk: Kraft till dina fingertoppar Smart, intuitiv och byggd f\u00f6r hektisk service Oavsett om du driver en snabb QSR, ett mysigt caf\u00e9 eller en restaurang med flera platser, \u00e4r v\u00e5r POS- och Cashdesk-l\u00f6sning din kommandocentral f\u00f6r allt. Snabba upp servicen, minska felen, hantera personal och inventarier och gl\u00e4d dina g\u00e4ster &#8211; allt [&hellip;]<\/p>\n","protected":false},"author":1,"featured_media":0,"parent":0,"menu_order":0,"comment_status":"closed","ping_status":"closed","template":"","meta":{"footnotes":""},"class_list":["post-2977","page","type-page","status-publish","hentry"],"_links":{"self":[{"href":"https:\/\/rkeeper.se\/index.php?rest_route=\/wp\/v2\/pages\/2977","targetHints":{"allow":["GET"]}}],"collection":[{"href":"https:\/\/rkeeper.se\/index.php?rest_route=\/wp\/v2\/pages"}],"about":[{"href":"https:\/\/rkeeper.se\/index.php?rest_route=\/wp\/v2\/types\/page"}],"author":[{"embeddable":true,"href":"https:\/\/rkeeper.se\/index.php?rest_route=\/wp\/v2\/users\/1"}],"replies":[{"embeddable":true,"href":"https:\/\/rkeeper.se\/index.php?rest_route=%2Fwp%2Fv2%2Fcomments&post=2977"}],"version-history":[{"count":5,"href":"https:\/\/rkeeper.se\/index.php?rest_route=\/wp\/v2\/pages\/2977\/revisions"}],"predecessor-version":[{"id":3721,"href":"https:\/\/rkeeper.se\/index.php?rest_route=\/wp\/v2\/pages\/2977\/revisions\/3721"}],"wp:attachment":[{"href":"https:\/\/rkeeper.se\/index.php?rest_route=%2Fwp%2Fv2%2Fmedia&parent=2977"}],"curies":[{"name":"wp","href":"https:\/\/api.w.org\/{rel}","templated":true}]}}