{"id":2508,"date":"2025-07-14T15:51:29","date_gmt":"2025-07-14T12:51:29","guid":{"rendered":"https:\/\/rkeeper.us\/?page_id=2508"},"modified":"2025-07-22T12:06:28","modified_gmt":"2025-07-22T09:06:28","slug":"bestallning-online","status":"publish","type":"page","link":"https:\/\/rkeeper.se\/?page_id=2508","title":{"rendered":"Best\u00e4llning online"},"content":{"rendered":"\t\t<div data-elementor-type=\"wp-page\" data-elementor-id=\"2508\" class=\"elementor elementor-2508 elementor-2220\" data-elementor-post-type=\"page\">\n\t\t\t\t<div class=\"elementor-element elementor-element-13b53120 e-flex e-con-boxed e-con e-parent\" data-id=\"13b53120\" data-element_type=\"container\" data-e-type=\"container\">\n\t\t\t\t\t<div class=\"e-con-inner\">\n\t\t\t\t<div class=\"elementor-element elementor-element-664f7414 elementor-widget elementor-widget-heading\" data-id=\"664f7414\" data-element_type=\"widget\" data-e-type=\"widget\" data-widget_type=\"heading.default\">\n\t\t\t\t<div class=\"elementor-widget-container\">\n\t\t\t\t\t<h3 class=\"elementor-heading-title elementor-size-default\">Best\u00e4llning online<\/h3>\t\t\t\t<\/div>\n\t\t\t\t<\/div>\n\t\t\t\t<div class=\"elementor-element elementor-element-63e33bf0 elementor-widget elementor-widget-text-editor\" data-id=\"63e33bf0\" data-element_type=\"widget\" data-e-type=\"widget\" data-widget_type=\"text-editor.default\">\n\t\t\t\t<div class=\"elementor-widget-container\">\n\t\t\t\t\t\t\t\t\t<h2 id=\"Online-Ordering:-Your-Restaurant-Always-Open-1\"><strong>Best\u00e4llning online: Din restaurang, alltid \u00f6ppen<\/strong><\/h2><h3 id=\"Turn-Clicks-Into-Orders.-Anytime-Anywhere.-2\">F\u00f6rvandla klick till best\u00e4llningar. N\u00e4r som helst, var som helst. <\/h3><p>L\u00e5t dina kunder best\u00e4lla fr\u00e5n din restaurang med bara n\u00e5gra f\u00e5 tryck &#8211; p\u00e5 vilken enhet som helst.<br>V\u00e5r l\u00f6sning f\u00f6r <strong>onlinebest\u00e4llning<\/strong> kopplar ihop din meny med den digitala v\u00e4rlden: din webbplats, mobilapp eller QR-kod. Inga mellanh\u00e4nder. Ingen s\u00e4nkt provision. Bara direktf\u00f6rs\u00e4ljning, rakt in i ditt k\u00f6k.   <\/p><p>Servera utanf\u00f6r dina v\u00e4ggar. Var d\u00e4r dina kunder \u00e4r. <\/p><h3 id=\"Why-You'll-Love-It-2\"><strong>Varf\u00f6r du kommer att \u00e4lska det<\/strong><\/h3><p><img fetchpriority=\"high\" decoding=\"async\" class=\"alignleft\" src=\"https:\/\/img.perfectwiki.xyz\/insecure\/resize:fit:400\/aHR0cHM6Ly9zdG9yYWdlLmdvb2dsZWFwaXMuY29tL3BlcmZlY3Rfd2lraS9jMThmZTZmNy03MTRiLTQxMzItYmI1NC0zNTY0ODc3NWVkMGMvRXFoakF6MGFkRjlvQ3BVRXdIVFQvJUQwJUI4JUQwJUI3JUQwJUJFJUQwJUIxJUQxJTgwJUQwJUIwJUQwJUI2JUQwJUI1JUQwJUJEJUQwJUI4JUQwJUI1XzQyZTk5NjM0LWY0YzYtNGU3My05MDhlLTI4ODBiZTIwMGU4OS5wbmc.webp\" sizes=\"100vw\" srcset=\"https:\/\/img.perfectwiki.xyz\/insecure\/resize:fit:400\/aHR0cHM6Ly9zdG9yYWdlLmdvb2dsZWFwaXMuY29tL3BlcmZlY3Rfd2lraS9jMThmZTZmNy03MTRiLTQxMzItYmI1NC0zNTY0ODc3NWVkMGMvRXFoakF6MGFkRjlvQ3BVRXdIVFQvJUQwJUI4JUQwJUI3JUQwJUJFJUQwJUIxJUQxJTgwJUQwJUIwJUQwJUI2JUQwJUI1JUQwJUJEJUQwJUI4JUQwJUI1XzQyZTk5NjM0LWY0YzYtNGU3My05MDhlLTI4ODBiZTIwMGU4OS5wbmc.webp 400w, https:\/\/img.perfectwiki.xyz\/insecure\/resize:fit:800\/aHR0cHM6Ly9zdG9yYWdlLmdvb2dsZWFwaXMuY29tL3BlcmZlY3Rfd2lraS9jMThmZTZmNy03MTRiLTQxMzItYmI1NC0zNTY0ODc3NWVkMGMvRXFoakF6MGFkRjlvQ3BVRXdIVFQvJUQwJUI4JUQwJUI3JUQwJUJFJUQwJUIxJUQxJTgwJUQwJUIwJUQwJUI2JUQwJUI1JUQwJUJEJUQwJUI4JUQwJUI1XzQyZTk5NjM0LWY0YzYtNGU3My05MDhlLTI4ODBiZTIwMGU4OS5wbmc.webp 800w, https:\/\/img.perfectwiki.xyz\/insecure\/resize:fit:1200\/aHR0cHM6Ly9zdG9yYWdlLmdvb2dsZWFwaXMuY29tL3BlcmZlY3Rfd2lraS9jMThmZTZmNy03MTRiLTQxMzItYmI1NC0zNTY0ODc3NWVkMGMvRXFoakF6MGFkRjlvQ3BVRXdIVFQvJUQwJUI4JUQwJUI3JUQwJUJFJUQwJUIxJUQxJTgwJUQwJUIwJUQwJUI2JUQwJUI1JUQwJUJEJUQwJUI4JUQwJUI1XzQyZTk5NjM0LWY0YzYtNGU3My05MDhlLTI4ODBiZTIwMGU4OS5wbmc.webp 1200w, https:\/\/img.perfectwiki.xyz\/insecure\/aHR0cHM6Ly9zdG9yYWdlLmdvb2dsZWFwaXMuY29tL3BlcmZlY3Rfd2lraS9jMThmZTZmNy03MTRiLTQxMzItYmI1NC0zNTY0ODc3NWVkMGMvRXFoakF6MGFkRjlvQ3BVRXdIVFQvJUQwJUI4JUQwJUI3JUQwJUJFJUQwJUIxJUQxJTgwJUQwJUIwJUQwJUI2JUQwJUI1JUQwJUJEJUQwJUI4JUQwJUI1XzQyZTk5NjM0LWY0YzYtNGU3My05MDhlLTI4ODBiZTIwMGU4OS5wbmc.webp 1400w\" alt=\"l\u00f6sningar \/ 6 Onlinebest\u00e4llning\" width=\"224\" height=\"336\"><\/p><p><strong>L\u00e4tt att anv\u00e4nda, l\u00e4tt att best\u00e4lla<\/strong><br>En vacker, varum\u00e4rkesanpassad meny utformad f\u00f6r mobil och dator. Inga appar att ladda ner &#8211; bara tryck och best\u00e4ll. <\/p><p><strong>S\u00e4kra betalningar, flexibla alternativ<\/strong><br>Acceptera kort, Apple\/Google Pay eller l\u00e5t dem betala vid upph\u00e4mtning. Alla transaktioner \u00e4r s\u00e4kra och snabba. <\/p><p><strong>Pickup, Delivery, Dine-In &#8211; All Covered<\/strong><br>L\u00e5t g\u00e4sterna v\u00e4lja hur de vill ha sin mat: h\u00e4mta, \u00e4ta p\u00e5 plats eller f\u00e5 den levererad.<\/p><p><strong>Helt integrerad<\/strong><br>Best\u00e4llningar g\u00e5r direkt till kassan eller k\u00f6ket &#8211; inga extra sk\u00e4rmar, inga missade biljetter.<\/p><p><strong>Sales Insights &amp; Customer Data<\/strong><br>Sp\u00e5ra vad folk best\u00e4ller, n\u00e4r och hur ofta. Anv\u00e4nd det f\u00f6r att f\u00f6rb\u00e4ttra dina erbjudanden och rikta in dig b\u00e4ttre. <\/p><h3 id=\"Key-Features-2\"><strong>Viktiga funktioner<\/strong><\/h3><ul><li>Anpassningsbar digital meny med kategorier och modifierare<\/li><li>L\u00e4gg till foton, allergener, kombinationer &#8211; allt som dina g\u00e4ster beh\u00f6ver f\u00f6r att best\u00e4mma<\/li><li>Dela via l\u00e4nk, QR-kod eller b\u00e4dda in p\u00e5 din webbplats<\/li><li>St\u00f6d f\u00f6r kampanjkoder, lojalitet och merf\u00f6rs\u00e4ljning<\/li><li>Uppdateringar av meny och tillg\u00e4nglighet i realtid<\/li><li><p>Flerspr\u00e5kig support f\u00f6r internationella kunder<\/p><figure class=\"image image_resized\"><img decoding=\"async\" class=\"alignright\" src=\"https:\/\/img.perfectwiki.xyz\/insecure\/resize:fit:400\/aHR0cHM6Ly9zdG9yYWdlLmdvb2dsZWFwaXMuY29tL3BlcmZlY3Rfd2lraS9jMThmZTZmNy03MTRiLTQxMzItYmI1NC0zNTY0ODc3NWVkMGMvRXFoakF6MGFkRjlvQ3BVRXdIVFQvJUQwJUI4JUQwJUI3JUQwJUJFJUQwJUIxJUQxJTgwJUQwJUIwJUQwJUI2JUQwJUI1JUQwJUJEJUQwJUI4JUQwJUI1XzVkNzgwNjA4LTY0OTctNDNkYi1iMmViLTkzNDFkNzYyNzVjMS5wbmc.webp\" sizes=\"100vw\" srcset=\"https:\/\/img.perfectwiki.xyz\/insecure\/resize:fit:400\/aHR0cHM6Ly9zdG9yYWdlLmdvb2dsZWFwaXMuY29tL3BlcmZlY3Rfd2lraS9jMThmZTZmNy03MTRiLTQxMzItYmI1NC0zNTY0ODc3NWVkMGMvRXFoakF6MGFkRjlvQ3BVRXdIVFQvJUQwJUI4JUQwJUI3JUQwJUJFJUQwJUIxJUQxJTgwJUQwJUIwJUQwJUI2JUQwJUI1JUQwJUJEJUQwJUI4JUQwJUI1XzVkNzgwNjA4LTY0OTctNDNkYi1iMmViLTkzNDFkNzYyNzVjMS5wbmc.webp 400w, https:\/\/img.perfectwiki.xyz\/insecure\/resize:fit:800\/aHR0cHM6Ly9zdG9yYWdlLmdvb2dsZWFwaXMuY29tL3BlcmZlY3Rfd2lraS9jMThmZTZmNy03MTRiLTQxMzItYmI1NC0zNTY0ODc3NWVkMGMvRXFoakF6MGFkRjlvQ3BVRXdIVFQvJUQwJUI4JUQwJUI3JUQwJUJFJUQwJUIxJUQxJTgwJUQwJUIwJUQwJUI2JUQwJUI1JUQwJUJEJUQwJUI4JUQwJUI1XzVkNzgwNjA4LTY0OTctNDNkYi1iMmViLTkzNDFkNzYyNzVjMS5wbmc.webp 800w, https:\/\/img.perfectwiki.xyz\/insecure\/resize:fit:1200\/aHR0cHM6Ly9zdG9yYWdlLmdvb2dsZWFwaXMuY29tL3BlcmZlY3Rfd2lraS9jMThmZTZmNy03MTRiLTQxMzItYmI1NC0zNTY0ODc3NWVkMGMvRXFoakF6MGFkRjlvQ3BVRXdIVFQvJUQwJUI4JUQwJUI3JUQwJUJFJUQwJUIxJUQxJTgwJUQwJUIwJUQwJUI2JUQwJUI1JUQwJUJEJUQwJUI4JUQwJUI1XzVkNzgwNjA4LTY0OTctNDNkYi1iMmViLTkzNDFkNzYyNzVjMS5wbmc.webp 1200w, https:\/\/img.perfectwiki.xyz\/insecure\/aHR0cHM6Ly9zdG9yYWdlLmdvb2dsZWFwaXMuY29tL3BlcmZlY3Rfd2lraS9jMThmZTZmNy03MTRiLTQxMzItYmI1NC0zNTY0ODc3NWVkMGMvRXFoakF6MGFkRjlvQ3BVRXdIVFQvJUQwJUI4JUQwJUI3JUQwJUJFJUQwJUIxJUQxJTgwJUQwJUIwJUQwJUI2JUQwJUI1JUQwJUJEJUQwJUI4JUQwJUI1XzVkNzgwNjA4LTY0OTctNDNkYi1iMmViLTkzNDFkNzYyNzVjMS5wbmc.webp 1400w\" alt=\"l\u00f6sningar \/ 6 Onlinebest\u00e4llning\" width=\"230\" height=\"347\"><\/figure><\/li><\/ul><h3 id=\"Who-Is-It-For-2\"><strong>Vem \u00e4r det till f\u00f6r?<\/strong><\/h3><p><strong>Snabbmat<\/strong> &#8211; snabba best\u00e4llningar, f\u00e4rre k\u00f6er<br><strong>Takeaway &amp; Delivery<\/strong> &#8211; enkelt kundfl\u00f6de, b\u00e4ttre timing<br><strong>Caf\u00e9er &amp; bagerier<\/strong> &#8211; schemal\u00e4gga upph\u00e4mtning, undvika k\u00f6er<br><strong>Restauranger<\/strong> &#8211;<strong>QR-bordsbest\u00e4llning<\/strong>, ingen personal beh\u00f6vs  <\/p><h2 id=\"Own-the-Customer-Experience-1\"><strong>\u00c4ga kundupplevelsen<\/strong><\/h2><p>Hyr inte ut din relation till tredjepartsappar.<br>Med direktbest\u00e4llning online beh\u00e5ller du kontrollen &#8211; och f\u00e5r 100 % av f\u00f6rs\u00e4ljningen.<\/p>\t\t\t\t\t\t\t\t<\/div>\n\t\t\t\t<\/div>\n\t\t\t\t<div class=\"elementor-element elementor-element-419a0f07 elementor-align-center elementor-mobile-align-center elementor-widget elementor-widget-button\" data-id=\"419a0f07\" data-element_type=\"widget\" data-e-type=\"widget\" data-widget_type=\"button.default\">\n\t\t\t\t<div class=\"elementor-widget-container\">\n\t\t\t\t\t\t\t\t\t<div class=\"elementor-button-wrapper\">\n\t\t\t\t\t<a class=\"elementor-button elementor-button-link elementor-size-sm\" href=\"https:\/\/rkeeper.us\/?page_id=256\">\n\t\t\t\t\t\t<span class=\"elementor-button-content-wrapper\">\n\t\t\t\t\t\t\t\t\t<span class=\"elementor-button-text\">Kontakta oss<\/span>\n\t\t\t\t\t<\/span>\n\t\t\t\t\t<\/a>\n\t\t\t\t<\/div>\n\t\t\t\t\t\t\t\t<\/div>\n\t\t\t\t<\/div>\n\t\t\t\t\t<\/div>\n\t\t\t\t<\/div>\n\t\t\t\t<\/div>\n\t\t","protected":false},"excerpt":{"rendered":"<p>Best\u00e4llning online Best\u00e4llning online: Din restaurang, alltid \u00f6ppen F\u00f6rvandla klick till best\u00e4llningar. N\u00e4r som helst, var som helst. L\u00e5t dina kunder best\u00e4lla fr\u00e5n din restaurang med bara n\u00e5gra f\u00e5 tryck &#8211; p\u00e5 vilken enhet som helst.V\u00e5r l\u00f6sning f\u00f6r onlinebest\u00e4llning kopplar ihop din meny med den digitala v\u00e4rlden: din webbplats, mobilapp eller QR-kod. Inga mellanh\u00e4nder. Ingen [&hellip;]<\/p>\n","protected":false},"author":1,"featured_media":0,"parent":0,"menu_order":0,"comment_status":"closed","ping_status":"closed","template":"","meta":{"footnotes":""},"class_list":["post-2508","page","type-page","status-publish","hentry"],"_links":{"self":[{"href":"https:\/\/rkeeper.se\/index.php?rest_route=\/wp\/v2\/pages\/2508","targetHints":{"allow":["GET"]}}],"collection":[{"href":"https:\/\/rkeeper.se\/index.php?rest_route=\/wp\/v2\/pages"}],"about":[{"href":"https:\/\/rkeeper.se\/index.php?rest_route=\/wp\/v2\/types\/page"}],"author":[{"embeddable":true,"href":"https:\/\/rkeeper.se\/index.php?rest_route=\/wp\/v2\/users\/1"}],"replies":[{"embeddable":true,"href":"https:\/\/rkeeper.se\/index.php?rest_route=%2Fwp%2Fv2%2Fcomments&post=2508"}],"version-history":[{"count":5,"href":"https:\/\/rkeeper.se\/index.php?rest_route=\/wp\/v2\/pages\/2508\/revisions"}],"predecessor-version":[{"id":3686,"href":"https:\/\/rkeeper.se\/index.php?rest_route=\/wp\/v2\/pages\/2508\/revisions\/3686"}],"wp:attachment":[{"href":"https:\/\/rkeeper.se\/index.php?rest_route=%2Fwp%2Fv2%2Fmedia&parent=2508"}],"curies":[{"name":"wp","href":"https:\/\/api.w.org\/{rel}","templated":true}]}}