{"id":1861,"date":"2025-06-26T23:52:14","date_gmt":"2025-06-26T20:52:14","guid":{"rendered":"https:\/\/rkeeper.us\/?page_id=1861"},"modified":"2025-07-22T12:11:34","modified_gmt":"2025-07-22T09:11:34","slug":"sjalvbetjaningskiosker","status":"publish","type":"page","link":"https:\/\/rkeeper.se\/?page_id=1861","title":{"rendered":"Kiosker f\u00f6r sj\u00e4lvbetj\u00e4ning"},"content":{"rendered":"\t\t<div data-elementor-type=\"wp-page\" data-elementor-id=\"1861\" class=\"elementor elementor-1861 elementor-1787\" data-elementor-post-type=\"page\">\n\t\t\t\t<div class=\"elementor-element elementor-element-45a7e7ff e-flex e-con-boxed e-con e-parent\" data-id=\"45a7e7ff\" data-element_type=\"container\" data-e-type=\"container\">\n\t\t\t\t\t<div class=\"e-con-inner\">\n\t\t\t\t<div class=\"elementor-element elementor-element-7639dded elementor-widget elementor-widget-heading\" data-id=\"7639dded\" data-element_type=\"widget\" data-e-type=\"widget\" data-widget_type=\"heading.default\">\n\t\t\t\t<div class=\"elementor-widget-container\">\n\t\t\t\t\t<h3 class=\"elementor-heading-title elementor-size-default\">Kiosker f\u00f6r sj\u00e4lvbetj\u00e4ning<\/h3>\t\t\t\t<\/div>\n\t\t\t\t<\/div>\n\t\t\t\t<div class=\"elementor-element elementor-element-60686d3 elementor-widget elementor-widget-text-editor\" data-id=\"60686d3\" data-element_type=\"widget\" data-e-type=\"widget\" data-widget_type=\"text-editor.default\">\n\t\t\t\t<div class=\"elementor-widget-container\">\n\t\t\t\t\t\t\t\t\t<h2 id=\"Empower-your-fast-food-experience-with-r_keeper-kiosks-1\"><strong>St\u00e4rk din snabbmatsupplevelse med r_keeper-kiosker<\/strong><\/h2><figure class=\"image image-style-align-left image_resized\"><img fetchpriority=\"high\" decoding=\"async\" class=\"alignright\" src=\"https:\/\/img.perfectwiki.xyz\/insecure\/resize:fit:400\/aHR0cHM6Ly9zdG9yYWdlLmdvb2dsZWFwaXMuY29tL3BlcmZlY3Rfd2lraS9jMThmZTZmNy03MTRiLTQxMzItYmI1NC0zNTY0ODc3NWVkMGMvY1NJdzZ0a3l0OFU2UTIxZUlGQk4vJUQwJUI4JUQwJUI3JUQwJUJFJUQwJUIxJUQxJTgwJUQwJUIwJUQwJUI2JUQwJUI1JUQwJUJEJUQwJUI4JUQwJUI1X2Q2NTk2NWQzLTFkNDUtNDYyOC05ZTkxLWJlOGUxYzc1ODBhMy5wbmc.webp\" sizes=\"100vw\" srcset=\"https:\/\/img.perfectwiki.xyz\/insecure\/resize:fit:400\/aHR0cHM6Ly9zdG9yYWdlLmdvb2dsZWFwaXMuY29tL3BlcmZlY3Rfd2lraS9jMThmZTZmNy03MTRiLTQxMzItYmI1NC0zNTY0ODc3NWVkMGMvY1NJdzZ0a3l0OFU2UTIxZUlGQk4vJUQwJUI4JUQwJUI3JUQwJUJFJUQwJUIxJUQxJTgwJUQwJUIwJUQwJUI2JUQwJUI1JUQwJUJEJUQwJUI4JUQwJUI1X2Q2NTk2NWQzLTFkNDUtNDYyOC05ZTkxLWJlOGUxYzc1ODBhMy5wbmc.webp 400w, https:\/\/img.perfectwiki.xyz\/insecure\/resize:fit:800\/aHR0cHM6Ly9zdG9yYWdlLmdvb2dsZWFwaXMuY29tL3BlcmZlY3Rfd2lraS9jMThmZTZmNy03MTRiLTQxMzItYmI1NC0zNTY0ODc3NWVkMGMvY1NJdzZ0a3l0OFU2UTIxZUlGQk4vJUQwJUI4JUQwJUI3JUQwJUJFJUQwJUIxJUQxJTgwJUQwJUIwJUQwJUI2JUQwJUI1JUQwJUJEJUQwJUI4JUQwJUI1X2Q2NTk2NWQzLTFkNDUtNDYyOC05ZTkxLWJlOGUxYzc1ODBhMy5wbmc.webp 800w, https:\/\/img.perfectwiki.xyz\/insecure\/resize:fit:1200\/aHR0cHM6Ly9zdG9yYWdlLmdvb2dsZWFwaXMuY29tL3BlcmZlY3Rfd2lraS9jMThmZTZmNy03MTRiLTQxMzItYmI1NC0zNTY0ODc3NWVkMGMvY1NJdzZ0a3l0OFU2UTIxZUlGQk4vJUQwJUI4JUQwJUI3JUQwJUJFJUQwJUIxJUQxJTgwJUQwJUIwJUQwJUI2JUQwJUI1JUQwJUJEJUQwJUI4JUQwJUI1X2Q2NTk2NWQzLTFkNDUtNDYyOC05ZTkxLWJlOGUxYzc1ODBhMy5wbmc.webp 1200w, https:\/\/img.perfectwiki.xyz\/insecure\/aHR0cHM6Ly9zdG9yYWdlLmdvb2dsZWFwaXMuY29tL3BlcmZlY3Rfd2lraS9jMThmZTZmNy03MTRiLTQxMzItYmI1NC0zNTY0ODc3NWVkMGMvY1NJdzZ0a3l0OFU2UTIxZUlGQk4vJUQwJUI4JUQwJUI3JUQwJUJFJUQwJUIxJUQxJTgwJUQwJUIwJUQwJUI2JUQwJUI1JUQwJUJEJUQwJUI4JUQwJUI1X2Q2NTk2NWQzLTFkNDUtNDYyOC05ZTkxLWJlOGUxYzc1ODBhMy5wbmc.webp 1400w\" alt=\"produkter \/ 1 Sj\u00e4lvbetj\u00e4ningskiosker \u2705  \" width=\"428\" height=\"426\"><\/figure><h3 id=\"Quick.-Efficient.-User-Friendly.-2\"><strong>Snabbt. Effektivt. Anv\u00e4ndarv\u00e4nligt.  <\/strong><\/h3><p>V\u00e5ra kiosker \u00e4r snabba, effektiva och otroligt anv\u00e4ndarv\u00e4nliga och ger dina kunder m\u00f6jlighet att g\u00f6ra best\u00e4llningar n\u00e4r det passar dem, vilket minskar v\u00e4ntetiderna och \u00f6kar kundn\u00f6jdheten. Dyk in i framtidens restaurang d\u00e4r teknik m\u00f6ter smak. H\u00f6j effektiviteten i din restaurang och se ditt f\u00f6retag v\u00e4xa med <strong>r_keeper<\/strong>. Ta kontakt idag f\u00f6r att f\u00f6r\u00e4ndra din service!   <\/p><ul><li>\u201cMinska v\u00e4ntetider\u201d<\/li><li>\u201c\u00d6ka kundn\u00f6jdheten\u201d<\/li><li>\u201cF\u00f6rb\u00e4ttra best\u00e4llningsnoggrannheten\u201d<\/li><li>\u201c\u00d6ka f\u00f6rs\u00e4ljningen med merf\u00f6rs\u00e4ljning och korsf\u00f6rs\u00e4ljning\u201d<\/li><\/ul><h2 id=\"How-R-Keeper-Kiosks-Work-1\"><strong>Hur r-keeper-kiosker fungerar<\/strong><\/h2><ul><li>\u201cEnkel installation\u201d<\/li><li>\u201cSmidig best\u00e4llning\u201d<\/li><li>\u201cOmedelbar betalningshantering\u201d<\/li><li>\u201cSnabb orderhantering\u201d<\/li><\/ul><h2><strong>F\u00f6rdelar med R-keeper-kiosker<\/strong><\/h2><p><strong style=\"letter-spacing: 0px; word-spacing: 0em; background-color: transparent;\">&#8221;Str\u00f6mlinjeforma din verksamhet&#8221; <\/strong><span style=\"letter-spacing: 0px; word-spacing: 0em; background-color: transparent;\">handlar om att revolutionera det s\u00e4tt p\u00e5 vilket snabbmatsrestauranger hanterar sina dagliga arbetsfl\u00f6den och kundinteraktioner. <\/span><span style=\"letter-spacing: 0px; word-spacing: 0em; background-color: transparent;\">Med hj\u00e4lp av avancerad teknik blir din restaurang mer effektiv, vilket minskar den tid och anstr\u00e4ngning som l\u00e4ggs p\u00e5 rutinuppgifter.<\/span><\/p><p><strong style=\"background-color: transparent; letter-spacing: 0px; word-spacing: 0em;\">Snabbare best\u00e4llningsprocess:<\/strong><span style=\"background-color: transparent; letter-spacing: 0px; word-spacing: 0em;\"> Kunderna kan snabbt l\u00e4gga sina best\u00e4llningar via intuitiva peksk\u00e4rmsgr\u00e4nssnitt, vilket minskar k\u00f6tiderna och minimerar trycket p\u00e5 personalen under rusningstid.<\/span><\/p><p><strong style=\"background-color: transparent; letter-spacing: 0px; word-spacing: 0em;\">F\u00f6rb\u00e4ttrad ordernoggrannhet:<\/strong><span style=\"background-color: transparent; letter-spacing: 0px; word-spacing: 0em;\">  Med sj\u00e4lvbetj\u00e4ningskiosker har kunderna m\u00f6jlighet att anpassa sina best\u00e4llningar exakt som de vill ha dem, vilket avsev\u00e4rt minskar risken f\u00f6r fel som kan uppst\u00e5 med traditionella best\u00e4llningsmetoder. Noggrannheten s\u00e4kerst\u00e4ller att kunderna f\u00e5r exakt det de best\u00e4llt, vilket \u00f6kar kundn\u00f6jdheten och minskar svinnet. <\/span><\/p><p><strong style=\"background-color: transparent; letter-spacing: 0px; word-spacing: 0em;\">Effektiv personalf\u00f6rdelning:<\/strong><span style=\"background-color: transparent; letter-spacing: 0px; word-spacing: 0em;\">  Genom att automatisera ordermottagningsprocessen kan personalen fokusera p\u00e5 andra viktiga omr\u00e5den som tillagning av mat och kundservice. Denna optimerade f\u00f6rdelning av m\u00e4nskliga resurser s\u00e4kerst\u00e4ller att din verksamhet fungerar smidigt, vilket f\u00f6rb\u00e4ttrar den totala effektiviteten i din restaurang. <\/span><\/p><p><img decoding=\"async\" class=\"alignleft\" style=\"margin: 8px 8px 0px;\" src=\"https:\/\/img.perfectwiki.xyz\/insecure\/resize:fit:400\/aHR0cHM6Ly9zdG9yYWdlLmdvb2dsZWFwaXMuY29tL3BlcmZlY3Rfd2lraS9jMThmZTZmNy03MTRiLTQxMzItYmI1NC0zNTY0ODc3NWVkMGMvY1NJdzZ0a3l0OFU2UTIxZUlGQk4vJUQwJUI4JUQwJUI3JUQwJUJFJUQwJUIxJUQxJTgwJUQwJUIwJUQwJUI2JUQwJUI1JUQwJUJEJUQwJUI4JUQwJUI1XzI4MzhjZjMwLTdiYTAtNDI4OC04NWE5LWUyYTNjZjM0M2EzMi5wbmc.webp\" sizes=\"100vw\" srcset=\"https:\/\/img.perfectwiki.xyz\/insecure\/resize:fit:400\/aHR0cHM6Ly9zdG9yYWdlLmdvb2dsZWFwaXMuY29tL3BlcmZlY3Rfd2lraS9jMThmZTZmNy03MTRiLTQxMzItYmI1NC0zNTY0ODc3NWVkMGMvY1NJdzZ0a3l0OFU2UTIxZUlGQk4vJUQwJUI4JUQwJUI3JUQwJUJFJUQwJUIxJUQxJTgwJUQwJUIwJUQwJUI2JUQwJUI1JUQwJUJEJUQwJUI4JUQwJUI1XzI4MzhjZjMwLTdiYTAtNDI4OC04NWE5LWUyYTNjZjM0M2EzMi5wbmc.webp 400w, https:\/\/img.perfectwiki.xyz\/insecure\/resize:fit:800\/aHR0cHM6Ly9zdG9yYWdlLmdvb2dsZWFwaXMuY29tL3BlcmZlY3Rfd2lraS9jMThmZTZmNy03MTRiLTQxMzItYmI1NC0zNTY0ODc3NWVkMGMvY1NJdzZ0a3l0OFU2UTIxZUlGQk4vJUQwJUI4JUQwJUI3JUQwJUJFJUQwJUIxJUQxJTgwJUQwJUIwJUQwJUI2JUQwJUI1JUQwJUJEJUQwJUI4JUQwJUI1XzI4MzhjZjMwLTdiYTAtNDI4OC04NWE5LWUyYTNjZjM0M2EzMi5wbmc.webp 800w, https:\/\/img.perfectwiki.xyz\/insecure\/resize:fit:1200\/aHR0cHM6Ly9zdG9yYWdlLmdvb2dsZWFwaXMuY29tL3BlcmZlY3Rfd2lraS9jMThmZTZmNy03MTRiLTQxMzItYmI1NC0zNTY0ODc3NWVkMGMvY1NJdzZ0a3l0OFU2UTIxZUlGQk4vJUQwJUI4JUQwJUI3JUQwJUJFJUQwJUIxJUQxJTgwJUQwJUIwJUQwJUI2JUQwJUI1JUQwJUJEJUQwJUI4JUQwJUI1XzI4MzhjZjMwLTdiYTAtNDI4OC04NWE5LWUyYTNjZjM0M2EzMi5wbmc.webp 1200w, https:\/\/img.perfectwiki.xyz\/insecure\/aHR0cHM6Ly9zdG9yYWdlLmdvb2dsZWFwaXMuY29tL3BlcmZlY3Rfd2lraS9jMThmZTZmNy03MTRiLTQxMzItYmI1NC0zNTY0ODc3NWVkMGMvY1NJdzZ0a3l0OFU2UTIxZUlGQk4vJUQwJUI4JUQwJUI3JUQwJUJFJUQwJUIxJUQxJTgwJUQwJUIwJUQwJUI2JUQwJUI1JUQwJUJEJUQwJUI4JUQwJUI1XzI4MzhjZjMwLTdiYTAtNDI4OC04NWE5LWUyYTNjZjM0M2EzMi5wbmc.webp 1400w\" alt=\"produkter \/ 1 Sj\u00e4lvbetj\u00e4ningskiosker \u2705  \" width=\"485\" height=\"324\"><\/p><p><strong style=\"background-color: transparent; letter-spacing: 0px; word-spacing: 0em;\">Datadrivna insikter:<\/strong><span style=\"background-color: transparent; letter-spacing: 0px; word-spacing: 0em;\">  R-Keeper kiosker samlar in v\u00e4rdefull data om kundernas preferenser och best\u00e4llningsm\u00f6nster. Denna information kan analyseras f\u00f6r att fatta v\u00e4lgrundade beslut om menyjusteringar, kampanjstrategier och bemanning under rusningstid, vilket ytterligare effektiviserar verksamheten och skr\u00e4ddarsyr matupplevelsen efter kundernas smak. <\/span><\/p><p><strong style=\"background-color: transparent; letter-spacing: 0px; word-spacing: 0em;\">&#8221;St\u00e4rk dina kunder&#8221;  <\/strong><span style=\"background-color: transparent; letter-spacing: 0px; word-spacing: 0em;\">ger g\u00e4sterna kontroll \u00f6ver sin matupplevelse i din snabbmatsrestaurang. Dessa kiosker erbjuder en intuitiv och interaktiv best\u00e4llningsprocess som g\u00f6r det m\u00f6jligt f\u00f6r kunderna att bl\u00e4ddra i menyn i sin egen takt, anpassa sina best\u00e4llningar till sina exakta \u00f6nskem\u00e5l och till och med utforska nya artiklar eller kampanjer. Detta sj\u00e4lvstyrda tillv\u00e4gag\u00e5ngss\u00e4tt \u00f6kar inte bara kundn\u00f6jdheten genom att ge dem valm\u00f6jligheter och flexibilitet, utan engagerar dem ocks\u00e5 i en modern, tekniskt avancerad matupplevelse. Att ge kunderna den h\u00e4r m\u00f6jligheten kan leda till \u00f6kat orderv\u00e4rde genom m\u00f6jligheter till merf\u00f6rs\u00e4ljning och en mer personlig service, vilket bidrar till kundlojalitet och \u00e5terkommande aff\u00e4rer.   <\/span><\/p><p><strong style=\"background-color: transparent; letter-spacing: 0px; word-spacing: 0em;\">&#8221;F\u00f6rb\u00e4ttra ditt resultat&#8221;  <\/strong><span style=\"background-color: transparent; letter-spacing: 0px; word-spacing: 0em;\">utnyttja tekniken f\u00f6r att direkt p\u00e5verka din snabbmatsrestaurangs l\u00f6nsamhet. S\u00e5 h\u00e4r kan integrering av dessa kiosker driva p\u00e5 int\u00e4ktstillv\u00e4xten: <\/span><\/p><p><strong style=\"background-color: transparent; letter-spacing: 0px; word-spacing: 0em;\">Merf\u00f6rs\u00e4ljning och korsf\u00f6rs\u00e4ljning:<\/strong><span style=\"background-color: transparent; letter-spacing: 0px; word-spacing: 0em;\">  Kioskerna kan automatiskt f\u00f6resl\u00e5 till\u00e4gg eller uppgraderingar vid best\u00e4llningstillf\u00e4llet och p\u00e5 s\u00e5 s\u00e4tt uppmuntra kunderna att g\u00f6ra ytterligare ink\u00f6p. Till exempel kan man f\u00f6resl\u00e5 en drink till en hamburgare eller erbjuda ett tillbeh\u00f6r till rabatterat pris n\u00e4r det k\u00f6ps tillsammans med en huvudm\u00e5ltid. Detta \u00f6kar inte bara det genomsnittliga orderv\u00e4rdet utan g\u00f6r det ocks\u00e5 utan den p\u00e5tr\u00e4ngande effekt som en m\u00e4nsklig merf\u00f6rs\u00e4ljning kan ge.  <\/span><\/p><p><strong style=\"background-color: transparent; letter-spacing: 0px; word-spacing: 0em;\">Minskade arbetskostnader:<\/strong><span style=\"background-color: transparent; letter-spacing: 0px; word-spacing: 0em;\">  Genom att automatisera best\u00e4llningsprocessen kan du omf\u00f6rdela personal till mer kritiska delar av verksamheten eller minska antalet anst\u00e4llda som kr\u00e4vs under mindre hektiska perioder. Denna optimering kan leda till betydande besparingar i arbetskraftskostnaderna, en av de st\u00f6rsta utgifterna i restaurangbranschen. <\/span><\/p><p><strong>\u00d6kad genomstr\u00f6mning:<\/strong> Sj\u00e4lvbetj\u00e4ningskiosker kan hantera flera best\u00e4llningar samtidigt och arbeta kontinuerligt, vilket leder till en h\u00f6gre genomstr\u00f6mning av kunder, s\u00e4rskilt under rusningstid. Denna effektivitet inneb\u00e4r att fler f\u00f6rs\u00e4ljningar kan hanteras p\u00e5 kortare tid, vilket direkt \u00f6kar int\u00e4ktspotentialen. <\/p>\t\t\t\t\t\t\t\t<\/div>\n\t\t\t\t<\/div>\n\t\t\t\t<div class=\"elementor-element elementor-element-4800aad5 elementor-align-center elementor-mobile-align-center elementor-widget elementor-widget-button\" data-id=\"4800aad5\" data-element_type=\"widget\" data-e-type=\"widget\" data-widget_type=\"button.default\">\n\t\t\t\t<div class=\"elementor-widget-container\">\n\t\t\t\t\t\t\t\t\t<div class=\"elementor-button-wrapper\">\n\t\t\t\t\t<a class=\"elementor-button elementor-button-link elementor-size-sm\" href=\"http:\/\/rkeeper.se\/?page_id=256\">\n\t\t\t\t\t\t<span class=\"elementor-button-content-wrapper\">\n\t\t\t\t\t\t\t\t\t<span class=\"elementor-button-text\">Kontakta oss<\/span>\n\t\t\t\t\t<\/span>\n\t\t\t\t\t<\/a>\n\t\t\t\t<\/div>\n\t\t\t\t\t\t\t\t<\/div>\n\t\t\t\t<\/div>\n\t\t\t\t\t<\/div>\n\t\t\t\t<\/div>\n\t\t\t\t<\/div>\n\t\t","protected":false},"excerpt":{"rendered":"<p>Kiosker f\u00f6r sj\u00e4lvbetj\u00e4ning St\u00e4rk din snabbmatsupplevelse med r_keeper-kiosker Snabbt. Effektivt. Anv\u00e4ndarv\u00e4nligt. V\u00e5ra kiosker \u00e4r snabba, effektiva och otroligt anv\u00e4ndarv\u00e4nliga och ger dina kunder m\u00f6jlighet att g\u00f6ra best\u00e4llningar n\u00e4r det passar dem, vilket minskar v\u00e4ntetiderna och \u00f6kar kundn\u00f6jdheten. Dyk in i framtidens restaurang d\u00e4r teknik m\u00f6ter smak. H\u00f6j effektiviteten i din restaurang och se ditt f\u00f6retag [&hellip;]<\/p>\n","protected":false},"author":1,"featured_media":0,"parent":0,"menu_order":0,"comment_status":"closed","ping_status":"closed","template":"elementor_header_footer","meta":{"footnotes":""},"class_list":["post-1861","page","type-page","status-publish","hentry"],"_links":{"self":[{"href":"https:\/\/rkeeper.se\/index.php?rest_route=\/wp\/v2\/pages\/1861","targetHints":{"allow":["GET"]}}],"collection":[{"href":"https:\/\/rkeeper.se\/index.php?rest_route=\/wp\/v2\/pages"}],"about":[{"href":"https:\/\/rkeeper.se\/index.php?rest_route=\/wp\/v2\/types\/page"}],"author":[{"embeddable":true,"href":"https:\/\/rkeeper.se\/index.php?rest_route=\/wp\/v2\/users\/1"}],"replies":[{"embeddable":true,"href":"https:\/\/rkeeper.se\/index.php?rest_route=%2Fwp%2Fv2%2Fcomments&post=1861"}],"version-history":[{"count":7,"href":"https:\/\/rkeeper.se\/index.php?rest_route=\/wp\/v2\/pages\/1861\/revisions"}],"predecessor-version":[{"id":3736,"href":"https:\/\/rkeeper.se\/index.php?rest_route=\/wp\/v2\/pages\/1861\/revisions\/3736"}],"wp:attachment":[{"href":"https:\/\/rkeeper.se\/index.php?rest_route=%2Fwp%2Fv2%2Fmedia&parent=1861"}],"curies":[{"name":"wp","href":"https:\/\/api.w.org\/{rel}","templated":true}]}}